{"id":3,"date":"2020-05-11T16:19:58","date_gmt":"2020-05-11T08:19:58","guid":{"rendered":"http:\/\/hexin.xhlcustomer.com\/?page_id=3"},"modified":"2024-10-11T18:53:20","modified_gmt":"2024-10-11T10:53:20","slug":"privacy-policy","status":"publish","type":"page","link":"https:\/\/www.lairunsandwichpanel.com\/vi\/chinh-sach-bao-mat\/","title":{"rendered":"Ch\u00ednh s\u00e1ch b\u1ea3o m\u1eadt"},"content":{"rendered":"<h2 class=\"wp-block-heading\">Ch\u00fang t\u00f4i l\u00e0 ai<\/h2>\r\n\r\n\r\n<p>\u6211\u4eec\u7684\u7ad9\u70b9\u5730\u5740\u662f\uff1ahttp:\/\/hexin.xhlcustomer.com\u3002<\/p>\r\n\r\n\r\n<h2 class=\"wp-block-heading\">Nh\u1eefng g\u00ec v\u00e0 t\u1ea1i sao ch\u00fang t\u00f4i thu th\u1eadp d\u1eef li\u1ec7u c\u00e1 nh\u00e2n<\/h2>\r\n\r\n\r\n<h3 class=\"wp-block-heading\">B\u00ecnh lu\u1eadn<\/h3>\r\n\r\n\r\n<p>Khi kh\u00e1ch truy c\u1eadp \u0111\u1ec3 l\u1ea1i nh\u1eadn x\u00e9t, ch\u00fang t\u00f4i thu th\u1eadp d\u1eef li\u1ec7u \u0111\u01b0\u1ee3c hi\u1ec3n th\u1ecb trong bi\u1ec3u m\u1eabu nh\u1eadn x\u00e9t v\u00e0 \u0111\u1ecba ch\u1ec9 IP c\u1ee7a kh\u00e1ch truy c\u1eadp v\u00e0 chu\u1ed7i t\u00e1c nh\u00e2n ng\u01b0\u1eddi d\u00f9ng c\u1ee7a tr\u00ecnh duy\u1ec7t \u0111\u1ec3 gi\u00fap ki\u1ec3m tra nh\u1eadn x\u00e9t r\u00e1c.<\/p>\r\n\r\n\r\n<p>\u7531\u60a8\u7684\u7535\u5b50\u90ae\u4ef6\u5730\u5740\u6240\u751f\u6210\u7684\u533f\u540d\u5316\u5b57\u7b26\u4e32\uff08\u53c8\u79f0\u4e3a\u54c8\u5e0c\uff09\u53ef\u80fd\u4f1a\u88ab\u63d0\u4f9b\u7ed9Gravatar\u670d\u52a1\u786e\u8ba4\u60a8\u662f\u5426\u6709\u4f7f\u7528\u8be5\u670d\u52a1\u3002Gravatar\u670d\u52a1\u7684\u9690\u79c1\u653f\u7b56\u5728\u6b64\uff1ahttps:\/\/automattic.com\/privacy\/\u3002\u5728\u60a8\u7684\u8bc4\u8bba\u83b7\u6279\u51c6\u540e\uff0c\u60a8\u7684\u8d44\u6599\u56fe\u7247\u5c06\u5728\u60a8\u7684\u8bc4\u8bba\u65c1\u516c\u5f00\u5c55\u793a\u3002<\/p>\r\n\r\n\r\n<h3 class=\"wp-block-heading\">Truy\u1ec1n th\u00f4ng<\/h3>\r\n\r\n\r\n<p>N\u1ebfu b\u1ea1n t\u1ea3i \u1ea3nh l\u00ean trang web n\u00e0y, b\u1ea1n n\u00ean tr\u00e1nh t\u1ea3i \u1ea3nh c\u00f3 th\u00f4ng tin v\u1ecb tr\u00ed \u0111\u1ecba l\u00fd nh\u00fang (EXIF GPS). Kh\u00e1ch truy c\u1eadp v\u00e0o trang web n\u00e0y s\u1ebd c\u00f3 th\u1ec3 t\u1ea3i xu\u1ed1ng v\u00e0 tr\u00edch xu\u1ea5t th\u00f4ng tin v\u1ecb tr\u00ed trong h\u00ecnh \u1ea3nh c\u1ee7a trang web n\u00e0y.<\/p>\r\n\r\n\r\n<h3 class=\"wp-block-heading\">H\u00ecnh th\u1ee9c li\u00ean h\u1ec7<\/h3>\r\n\r\n\r\n<h3 class=\"wp-block-heading\">Cookies<\/h3>\r\n\r\n\r\n<p>N\u1ebfu b\u1ea1n \u0111\u1ec3 l\u1ea1i nh\u1eadn x\u00e9t tr\u00ean trang web c\u1ee7a ch\u00fang t\u00f4i, b\u1ea1n c\u00f3 th\u1ec3 ch\u1ecdn l\u01b0u t\u00ean, \u0111\u1ecba ch\u1ec9 email v\u00e0 trang web c\u1ee7a m\u00ecnh b\u1eb1ng cookie. \u0110i\u1ec1u n\u00e0y thu\u1eadn ti\u1ec7n cho b\u1ea1n b\u1eb1ng c\u00e1ch cho ph\u00e9p b\u1ea1n kh\u00f4ng ph\u1ea3i \u0111i\u1ec1n l\u1ea1i nh\u1eefng g\u00ec c\u00f3 li\u00ean quan khi b\u00ecnh lu\u1eadn. Nh\u1eefng cookie n\u00e0y s\u1ebd t\u1ed3n t\u1ea1i trong m\u1ed9t n\u0103m.<\/p>\r\n\r\n\r\n<p>N\u1ebfu b\u1ea1n truy c\u1eadp trang \u0111\u00edch c\u1ee7a ch\u00fang t\u00f4i, ch\u00fang t\u00f4i s\u1ebd \u0111\u1eb7t cookie t\u1ea1m th\u1eddi \u0111\u1ec3 x\u00e1c nh\u1eadn xem tr\u00ecnh duy\u1ec7t c\u1ee7a b\u1ea1n c\u00f3 ch\u1ea5p nh\u1eadn cookie hay kh\u00f4ng. Cookie n\u00e0y kh\u00f4ng ch\u1ee9a d\u1eef li\u1ec7u c\u00e1 nh\u00e2n v\u00e0 s\u1ebd b\u1ecb lo\u1ea1i b\u1ecf khi b\u1ea1n \u0111\u00f3ng tr\u00ecnh duy\u1ec7t.<\/p>\r\n\r\n\r\n<p>Khi b\u1ea1n \u0111\u0103ng nh\u1eadp, ch\u00fang t\u00f4i c\u0169ng \u0111\u1eb7t nhi\u1ec1u cookie \u0111\u1ec3 l\u01b0u th\u00f4ng tin \u0111\u0103ng nh\u1eadp v\u00e0 c\u00e1c t\u00f9y ch\u1ecdn hi\u1ec3n th\u1ecb tr\u00ean m\u00e0n h\u00ecnh c\u1ee7a b\u1ea1n. Cookie \u0111\u0103ng nh\u1eadp \u0111\u01b0\u1ee3c gi\u1eef l\u1ea1i trong hai ng\u00e0y, trong khi cookie t\u00f9y ch\u1ecdn hi\u1ec3n th\u1ecb m\u00e0n h\u00ecnh \u0111\u01b0\u1ee3c gi\u1eef l\u1ea1i trong m\u1ed9t n\u0103m. N\u1ebfu b\u1ea1n ch\u1ecdn Remember Me, \u0111\u0103ng nh\u1eadp c\u1ee7a b\u1ea1n s\u1ebd \u0111\u01b0\u1ee3c gi\u1eef l\u1ea1i trong hai tu\u1ea7n. N\u1ebfu b\u1ea1n \u0111\u0103ng xu\u1ea5t, cookie \u0111\u0103ng nh\u1eadp s\u1ebd b\u1ecb x\u00f3a.<\/p>\r\n\r\n\r\n<p>N\u1ebfu b\u1ea1n ch\u1ec9nh s\u1eeda ho\u1eb7c xu\u1ea5t b\u1ea3n m\u1ed9t b\u00e0i vi\u1ebft, ch\u00fang t\u00f4i s\u1ebd l\u01b0u th\u00eam m\u1ed9t cookie trong tr\u00ecnh duy\u1ec7t c\u1ee7a b\u1ea1n. Cookie n\u00e0y kh\u00f4ng ch\u1ee9a d\u1eef li\u1ec7u c\u00e1 nh\u00e2n m\u00e0 ch\u1ec9 ghi l\u1ea1i ID c\u1ee7a b\u00e0i vi\u1ebft b\u1ea1n v\u1eeba ch\u1ec9nh s\u1eeda. B\u00e1nh ng\u1ecdt nh\u1ecf n\u00e0y s\u1ebd \u0111\u01b0\u1ee3c gi\u1eef l\u1ea1i trong m\u1ed9t ng\u00e0y.<\/p>\r\n\r\n\r\n<h3 class=\"wp-block-heading\">Nh\u00fang n\u1ed9i dung cho c\u00e1c trang web kh\u00e1c<\/h3>\r\n\r\n\r\n<p>C\u00e1c b\u00e0i vi\u1ebft tr\u00ean trang web n\u00e0y c\u00f3 th\u1ec3 ch\u1ee9a n\u1ed9i dung \u0111\u01b0\u1ee3c nh\u00fang (ch\u1eb3ng h\u1ea1n nh\u01b0 video, h\u00ecnh \u1ea3nh, b\u00e0i vi\u1ebft, v.v.). Kh\u00f4ng c\u00f3 s\u1ef1 kh\u00e1c bi\u1ec7t gi\u1eefa h\u00e0nh vi c\u1ee7a n\u1ed9i dung nh\u00fang t\u1eeb c\u00e1c trang web kh\u00e1c v\u00e0 vi\u1ec7c b\u1ea1n truy c\u1eadp tr\u1ef1c ti\u1ebfp v\u00e0o c\u00e1c trang web kh\u00e1c.<\/p>\r\n\r\n\r\n<p>C\u00e1c trang web n\u00e0y c\u00f3 th\u1ec3 thu th\u1eadp d\u1eef li\u1ec7u v\u1ec1 b\u1ea1n, s\u1eed d\u1ee5ng cookie, nh\u00fang c\u00e1c tr\u00ecnh theo d\u00f5i b\u1ed5 sung c\u1ee7a b\u00ean th\u1ee9 ba v\u00e0 theo d\u00f5i t\u01b0\u01a1ng t\u00e1c c\u1ee7a b\u1ea1n v\u1edbi n\u1ed9i dung \u0111\u01b0\u1ee3c nh\u00fang n\u00e0y, bao g\u1ed3m theo d\u00f5i t\u01b0\u01a1ng t\u00e1c c\u1ee7a b\u1ea1n v\u1edbi n\u1ed9i dung \u0111\u01b0\u1ee3c nh\u00fang khi b\u1ea1n c\u00f3 t\u00e0i kho\u1ea3n v\u1edbi c\u00e1c trang web \u0111\u00f3 v\u00e0 \u0111\u00e3 \u0111\u0103ng nh\u1eadp v\u00e0o ch\u00fang.<\/p>\r\n\r\n\r\n<h3 class=\"wp-block-heading\">th\u1ed1ng k\u00ea<\/h3>\r\n\r\n\r\n<h2 class=\"wp-block-heading\">Ch\u00fang t\u00f4i chia s\u1ebb th\u00f4ng tin c\u1ee7a b\u1ea1n v\u1edbi ai<\/h2>\r\n\r\n\r\n<h2 class=\"wp-block-heading\">Ch\u00fang t\u00f4i gi\u1eef th\u00f4ng tin c\u1ee7a b\u1ea1n trong bao l\u00e2u<\/h2>\r\n\r\n\r\n<p>N\u1ebfu b\u1ea1n \u0111\u1ec3 l\u1ea1i b\u00ecnh lu\u1eadn, b\u00ecnh lu\u1eadn v\u00e0 si\u00eau d\u1eef li\u1ec7u c\u1ee7a n\u00f3 s\u1ebd \u0111\u01b0\u1ee3c l\u01b0u v\u00f4 th\u1eddi h\u1ea1n. Ch\u00fang t\u00f4i l\u00e0m nh\u01b0 v\u1eady \u0111\u1ec3 ch\u00fang t\u00f4i c\u00f3 th\u1ec3 x\u00e1c \u0111\u1ecbnh v\u00e0 t\u1ef1 \u0111\u1ed9ng ph\u00ea duy\u1ec7t b\u1ea5t k\u1ef3 nh\u1eadn x\u00e9t ti\u1ebfp theo n\u00e0o m\u00e0 kh\u00f4ng c\u1ea7n th\u00eam nh\u1eefng nh\u1eadn x\u00e9t ti\u1ebfp theo \u0111\u00f3 v\u00e0o h\u00e0ng \u0111\u1ee3i ch\u1edd x\u00e9t x\u1eed.<\/p>\r\n\r\n\r\n<p>\u0110\u1ed1i v\u1edbi ng\u01b0\u1eddi d\u00f9ng \u0111\u00e3 \u0111\u0103ng k\u00fd c\u1ee7a trang web n\u00e0y, ch\u00fang t\u00f4i c\u0169ng l\u01b0u gi\u1eef th\u00f4ng tin c\u00e1 nh\u00e2n m\u00e0 ng\u01b0\u1eddi d\u00f9ng cung c\u1ea5p trong h\u1ed3 s\u01a1 c\u1ee7a h\u1ecd. T\u1ea5t c\u1ea3 ng\u01b0\u1eddi d\u00f9ng c\u00f3 th\u1ec3 xem, ch\u1ec9nh s\u1eeda ho\u1eb7c x\u00f3a th\u00f4ng tin c\u00e1 nh\u00e2n c\u1ee7a h\u1ecd b\u1ea5t c\u1ee9 l\u00fac n\u00e0o (ngo\u00e0i vi\u1ec7c kh\u00f4ng th\u1ec3 thay \u0111\u1ed5i t\u00ean ng\u01b0\u1eddi d\u00f9ng) v\u00e0 qu\u1ea3n tr\u1ecb vi\u00ean trang web c\u00f3 th\u1ec3 xem v\u00e0 ch\u1ec9nh s\u1eeda th\u00f4ng tin \u0111\u00f3.<\/p>\r\n\r\n\r\n<h2 class=\"wp-block-heading\">Quy\u1ec1n c\u1ee7a b\u1ea1n \u0111\u1ed1i v\u1edbi th\u00f4ng tin c\u1ee7a b\u1ea1n l\u00e0 g\u00ec<\/h2>\r\n\r\n\r\n<p>N\u1ebfu b\u1ea1n c\u00f3 t\u00e0i kho\u1ea3n v\u1edbi trang web n\u00e0y ho\u1eb7c \u0111\u00e3 \u0111\u1ec3 l\u1ea1i nh\u1eadn x\u00e9t, b\u1ea1n c\u00f3 th\u1ec3 y\u00eau c\u1ea7u ch\u00fang t\u00f4i cung c\u1ea5p t\u1ec7p xu\u1ea5t d\u1eef li\u1ec7u c\u00e1 nh\u00e2n c\u1ee7a b\u1ea1n m\u00e0 ch\u00fang t\u00f4i c\u00f3, bao g\u1ed3m t\u1ea5t c\u1ea3 d\u1eef li\u1ec7u b\u1ea1n cung c\u1ea5p cho ch\u00fang t\u00f4i. B\u1ea1n c\u0169ng c\u00f3 th\u1ec3 y\u00eau c\u1ea7u ch\u00fang t\u00f4i x\u00f3a t\u1ea5t c\u1ea3 d\u1eef li\u1ec7u c\u00e1 nh\u00e2n v\u1ec1 b\u1ea1n. \u0110i\u1ec1u n\u00e0y kh\u00f4ng bao g\u1ed3m d\u1eef li\u1ec7u m\u00e0 ch\u00fang t\u00f4i ph\u1ea3i gi\u1eef l\u1ea1i do nhu c\u1ea7u qu\u1ea3n l\u00fd, quy \u0111\u1ecbnh ho\u1eb7c b\u1ea3o m\u1eadt.<\/p>\r\n\r\n\r\n<h2 class=\"wp-block-heading\">Ch\u00fang t\u00f4i g\u1eedi th\u00f4ng tin c\u1ee7a b\u1ea1n \u0111\u1ebfn \u0111\u00e2u<\/h2>\r\n\r\n\r\n<p>Nh\u1eadn x\u00e9t c\u1ee7a kh\u00e1ch truy c\u1eadp c\u00f3 th\u1ec3 \u0111\u01b0\u1ee3c ki\u1ec3m tra b\u1edfi d\u1ecbch v\u1ee5 gi\u00e1m s\u00e1t nh\u1eadn x\u00e9t r\u00e1c t\u1ef1 \u0111\u1ed9ng.<\/p>\r\n\r\n\r\n<h2 class=\"wp-block-heading\">Th\u00f4ng tin li\u00ean h\u1ec7<\/h2>\r\n\r\n\r\n<h2 class=\"wp-block-heading\">Th\u00f4ng tin kh\u00e1c<\/h2>\r\n\r\n\r\n<h3 class=\"wp-block-heading\">C\u00e1ch ch\u00fang t\u00f4i b\u1ea3o v\u1ec7 d\u1eef li\u1ec7u c\u1ee7a b\u1ea1n<\/h3>\r\n\r\n\r\n<h3 class=\"wp-block-heading\">Quy tr\u00ecnh x\u1eed l\u00fd vi ph\u1ea1m d\u1eef li\u1ec7u ch\u00fang t\u00f4i c\u00f3<\/h3>\r\n\r\n\r\n<h3 class=\"wp-block-heading\">Ch\u00fang t\u00f4i nh\u1eadn d\u1eef li\u1ec7u t\u1eeb b\u00ean th\u1ee9 ba n\u00e0o<\/h3>\r\n\r\n\r\n<h3 class=\"wp-block-heading\">Nh\u1eefng quy\u1ebft \u0111\u1ecbnh t\u1ef1 \u0111\u1ed9ng n\u00e0o ch\u00fang t\u00f4i th\u1ef1c hi\u1ec7n th\u00f4ng qua d\u1eef li\u1ec7u ng\u01b0\u1eddi d\u00f9ng v\u00e0\/ho\u1eb7c quy n\u1ea1p<\/h3>\r\n\r\n\r\n<h3 class=\"wp-block-heading\">Y\u00eau c\u1ea7u c\u00f4ng b\u1ed1 quy \u0111\u1ecbnh ng\u00e0nh<\/h3>","protected":false},"excerpt":{"rendered":"<p>\u6211\u4eec\u662f\u8c01 \u6211\u4eec\u7684\u7ad9\u70b9\u5730\u5740\u662f \uff1a http:\/\/hexin.xhlcustomer.com\u3002 \u8bc4\u8bba \uff0c \uff0c \uff0c \u548c\u8bbf\u5ba2\u7684 \u548c\u8bbf\u5ba2\u7684 is is is is \u5b57\u7b26\u4e32\u6765\u5e2e\u52a9\u68c0\u67e5\u5783\u573e\u8bc4\u8bba\u3002 \u7531\u60a8\u7684\u7535\u5b50\u90ae\u4ef6\u5730\u5740\u6240\u751f\u6210\u7684\u533f\u540d\u5316\u5b57\u7b26\u4e32 \u7531\u60a8\u7684\u7535\u5b50\u90ae\u4ef6\u5730\u5740\u6240\u751f\u6210\u7684\u533f\u540d\u5316\u5b57\u7b26\u4e32 \uff08<\/p>","protected":false},"author":1,"featured_media":0,"parent":0,"menu_order":12,"comment_status":"closed","ping_status":"closed","template":"Privacy_Policy.php","meta":{"footnotes":""},"class_list":["post-3","page","type-page","status-publish","hentry"],"_links":{"self":[{"href":"https:\/\/www.lairunsandwichpanel.com\/vi\/wp-json\/wp\/v2\/pages\/3","targetHints":{"allow":["GET"]}}],"collection":[{"href":"https:\/\/www.lairunsandwichpanel.com\/vi\/wp-json\/wp\/v2\/pages"}],"about":[{"href":"https:\/\/www.lairunsandwichpanel.com\/vi\/wp-json\/wp\/v2\/types\/page"}],"author":[{"embeddable":true,"href":"https:\/\/www.lairunsandwichpanel.com\/vi\/wp-json\/wp\/v2\/users\/1"}],"replies":[{"embeddable":true,"href":"https:\/\/www.lairunsandwichpanel.com\/vi\/wp-json\/wp\/v2\/comments?post=3"}],"version-history":[{"count":6,"href":"https:\/\/www.lairunsandwichpanel.com\/vi\/wp-json\/wp\/v2\/pages\/3\/revisions"}],"predecessor-version":[{"id":528,"href":"https:\/\/www.lairunsandwichpanel.com\/vi\/wp-json\/wp\/v2\/pages\/3\/revisions\/528"}],"wp:attachment":[{"href":"https:\/\/www.lairunsandwichpanel.com\/vi\/wp-json\/wp\/v2\/media?parent=3"}],"curies":[{"name":"wp","href":"https:\/\/api.w.org\/{rel}","templated":true}]}}